{"id":42,"date":"2020-03-11T08:49:58","date_gmt":"2020-03-11T07:49:58","guid":{"rendered":"https:\/\/fodge.ch\/yakuba\/?page_id=42"},"modified":"2021-05-26T09:12:41","modified_gmt":"2021-05-26T07:12:41","slug":"animations","status":"publish","type":"page","link":"https:\/\/fodge.ch\/yakuba\/animations\/","title":{"rendered":"Animations"},"content":{"rendered":"\n<p><strong>Puisant leur inspiration aux sources de la tradition mandingue, les batteurs de Yakuba Percussion d\u00e9peignent, \u00e0 l\u2019aide de leur tambours, les chaudes couleurs et lumi\u00e8res de l\u2019Afrique de l&rsquo;ouest\u2026 des vibrations intenses et un enthousiasme hors du commun!<\/strong><\/p>\n\n\n\n<h2>Ensemble de percussion<\/h2>\n\n\n\n<p>Pour toutes vos occasions festives, les batteurs de <strong>Yakuba Percussion<\/strong> proposent des animations<\/p>\n\n\n\n<h2>Cours de danse<\/h2>\n\n\n\n<p>Les batteurs de <strong>Yakuba Percussion<\/strong> accompagnent depuis de nombreuses ann\u00e9es des cours de danse mandingues.<\/p>\n\n\n\n<h2>Team building<\/h2>\n\n\n\n<p>Gr\u00e2ce \u00e0 plus de 15 ans d&rsquo;exp\u00e9riences, nous proposons des formations dynamisante et inspirante autour de la percussion.<\/p>\n","protected":false},"excerpt":{"rendered":"Puisant leur inspiration aux sources de la tradition mandingue, les batteurs de Yakuba Percussion d\u00e9peignent, \u00e0 l\u2019aide de leur tambours, les chaudes couleurs et lumi\u00e8res de l\u2019Afrique de l&rsquo;ouest\u2026 des vibrations intenses et un enthousiasme hors du commun! Ensemble de percussion Pour toutes vos occasions festives, les batteurs de Yakuba Percussion proposent des animations Cours&#8230; <a class=\"view-article\" href=\"https:\/\/fodge.ch\/yakuba\/animations\/\">Voir l&rsquo;article<\/a>","protected":false},"author":1,"featured_media":0,"parent":0,"menu_order":0,"comment_status":"closed","ping_status":"closed","template":"","meta":[],"_links":{"self":[{"href":"https:\/\/fodge.ch\/yakuba\/wp-json\/wp\/v2\/pages\/42"}],"collection":[{"href":"https:\/\/fodge.ch\/yakuba\/wp-json\/wp\/v2\/pages"}],"about":[{"href":"https:\/\/fodge.ch\/yakuba\/wp-json\/wp\/v2\/types\/page"}],"author":[{"embeddable":true,"href":"https:\/\/fodge.ch\/yakuba\/wp-json\/wp\/v2\/users\/1"}],"replies":[{"embeddable":true,"href":"https:\/\/fodge.ch\/yakuba\/wp-json\/wp\/v2\/comments?post=42"}],"version-history":[{"count":4,"href":"https:\/\/fodge.ch\/yakuba\/wp-json\/wp\/v2\/pages\/42\/revisions"}],"predecessor-version":[{"id":63,"href":"https:\/\/fodge.ch\/yakuba\/wp-json\/wp\/v2\/pages\/42\/revisions\/63"}],"wp:attachment":[{"href":"https:\/\/fodge.ch\/yakuba\/wp-json\/wp\/v2\/media?parent=42"}],"curies":[{"name":"wp","href":"https:\/\/api.w.org\/{rel}","templated":true}]}}